{"id":992,"date":"2021-07-08T03:30:27","date_gmt":"2021-07-08T03:30:27","guid":{"rendered":"https:\/\/www.fertility-day.com\/?page_id=992"},"modified":"2021-07-08T03:30:29","modified_gmt":"2021-07-08T03:30:29","slug":"aviso-de-privacidad","status":"publish","type":"page","link":"https:\/\/www.fertility-day.com\/index.php\/aviso-de-privacidad\/","title":{"rendered":"Aviso de Privacidad"},"content":{"rendered":"\n<p>El presente documento constituye el Aviso de Privacidad para efectos de lo dispuesto en la Ley Federal de Protecci\u00f3n de Datos Personales en Posesi\u00f3n de los Particulares (la \u201cLFPDP\u201d) y las disposiciones que emanan de ella o se relacionan con la misma. Este Aviso de Privacidad aplica a la informaci\u00f3n personal proporcionada por usted a <strong>Jes\u00fas Guillermo P\u00e9rez Fonseca<\/strong>., en adelante <strong>Fertility Day<\/strong> en su car\u00e1cter de Responsable. El presente Aviso de Privacidad tiene los siguientes t\u00e9rminos y condiciones: Consentimiento<\/p>\n\n\n\n<p>Para efectos de lo dispuesto en la LFPDP y en particular en su Art\u00edculo 17, Usted manifiesta y reconoce (I) que el presente Aviso de Privacidad le ha sido dado a conocer por el Responsable, (II) haber le\u00eddo, entendido y acordado los t\u00e9rminos expuestos en este Aviso de Privacidad, por lo que otorga su consentimiento respecto del tratamiento de sus Datos Personales para efectos de la LFPDP y dem\u00e1s legislaci\u00f3n aplicable. En caso de que los Datos Personales recopilados incluyan Datos Personales sensibles o financieros, mediante la firma del contrato correspondiente, sea en formato impreso, o utilizando medios electr\u00f3nicos y sus correspondientes procesos para la formaci\u00f3n del consentimiento, por ejemplo, a t\u00edtulo enunciativo mas no limitativo, mediante el suministro de Datos Personales a trav\u00e9s de las ventanas de di\u00e1logo, o la visualizaci\u00f3n y recorrido en pantalla de t\u00e9rminos y condiciones, se llevar\u00e1n a cabo actos que constituyen el consentimiento expreso del titular en t\u00e9rminos del segundo p\u00e1rrafo del art\u00edculo 8 de la LFPDP y dem\u00e1s legislaci\u00f3n aplicable y (III) que otorga su consentimiento para que <strong>Fertility Day<\/strong> o Sus Encargados realicen transferencias de Datos Personales a terceros nacionales o extranjeros, en el entendido de que el tratamiento que dichos terceros den a sus Datos Personales deber\u00e1 ajustarse a lo establecido en este Aviso de Privacidad.<\/p>\n\n\n\n<p>En caso de que el Titular no se oponga a los t\u00e9rminos del presente Aviso de Privacidad dentro los siguientes 30 d\u00edas en que fue puesto a su disposici\u00f3n, se considerar\u00e1 acordado y consentido su contenido, en t\u00e9rminos del tercer p\u00e1rrafo del art\u00edculo 8 de la LFPDP. El consentimiento del Titular podr\u00e1 ser revocado en cualquier momento por \u00e9ste sin que se le atribuyan efectos retroactivos, en los t\u00e9rminos y conforme a los procedimientos establecidos m\u00e1s adelante para ello conforme a este Aviso de Privacidad.<\/p>\n\n\n\n<p>No obstante cualquier disposici\u00f3n de este Aviso de Privacidad, el Titular reconoce que no se requerir\u00e1 de su consentimiento para el tratamiento de Datos Personales por parte del Responsable o de terceros en cualquiera de los casos se\u00f1alados en el Art\u00edculo 10 de la LFPDP.<\/p>\n\n\n\n<p>Responsable del tratamiento de sus datos personales: <strong>Fertility Day<\/strong> (en adelante \u201c<strong>Fertility Day<\/strong>\u201d) con domicilio en <strong><em>Av patriotismo 67 col San Juan Benito Ju\u00e1rez<\/em><\/strong>, ser\u00e1 el responsable y, por ende, quien decidir\u00e1 sobre el tratamiento que se le d\u00e9 a sus datos personales.<\/p>\n\n\n\n<p><strong>DATOS PERSONALES QUE SE RECABAN:<\/strong><\/p>\n\n\n\n<p><strong>Fertility Day<\/strong> podr\u00e1 recabar y, en su caso, tratar los siguientes datos personales, dependiendo de la relaci\u00f3n que con usted exista:<\/p>\n\n\n\n<p>Nombre completo<br>Edad<br>Fecha de nacimiento<br>G\u00e9nero<br>Estado Civil<br>Informaci\u00f3n relacionada a si tiene hijos y el n\u00famero de hijos<br>Domicilio<br>Nacionalidad<br>Correo electr\u00f3nico<br>Tel\u00e9fono particular, del trabajo, celular<br>Forma de contacto preferida<br>Informaci\u00f3n sobre c\u00f3mo se enter\u00f3 de los productos y servicios de <strong>NOMBRE<\/strong> <strong><em>EMPRESA<\/em><\/strong> Profesi\u00f3n y ocupaci\u00f3n<br>Datos de contactos en caso de emergencia<br>Usuario o identificador en medios cibern\u00e9ticos o redes sociales.<br>Podr\u00e1n tratarse otros datos personales, sensibles y no sensibles, que no se incluyan en las listas anteriores siempre y cuando dichos datos se consideren de la misma naturaleza y no sean excesivos respecto a las finalidades para las cuales se recaban, se\u00f1alando de forma<br>Datos personales e historial cl\u00ednico de sus pacientes<br>Estudios b\u00e1sicos de infertilidad necesarios para el diagn\u00f3sticos<br>Datos acerca de estimulaci\u00f3n ov\u00e1rica controlada medicaci\u00f3n y muestras s\u00e9ricas (Estradioles, ultrasonidos, progesteronas)<br>Tipo de T\u00e9cnica de reproducci\u00f3n asistida utilizada en un tratamiento<br>Informaci\u00f3n de laboratorio de Androlog\u00eda y Embriolog\u00eda acerca de calidad de gametos, desarrollo y calidad de embriones<br>Informaci\u00f3n acerca de vitrificaci\u00f3n y mantenimiento de \u00f3vulos y embriones<br>Vitrificaci\u00f3n y mantenimiento de muestras seminales<br>Manejo de banco de semen y \u00f3vulos<br>Circunstancias de su embarazo<br>Informaci\u00f3n acerca de tipo de nacimiento y datos del neonato<br>Estado de c\u00e9lulas embrionarias<br>Estado de salud del paciente<br>Circunstancias y m\u00e9todo con que se logra el embarazo.<br>Fechas de los Ciclos<br>Informaci\u00f3n de expediente cl\u00ednico<br>Religi\u00f3n<br>Tipo sangu\u00edneo<\/p>\n\n\n\n<p>Finalidades del tratamiento de los datos personales <strong>Fertility Day<\/strong> recaba, utiliza, almacena o transfiere sus datos personales, en la medida en que las leyes aplicables lo permiten, para llevar a cabo lo siguiente:<\/p>\n\n\n\n<p>Para la creaci\u00f3n, estudio, an\u00e1lisis, actualizaci\u00f3n, y conservaci\u00f3n del expediente cl\u00ednico. Asimismo, para la facturaci\u00f3n y cobranza por servicios. Estudios, registros, estad\u00edsticas y an\u00e1lisis de informaci\u00f3n de salud relacionados con:<\/p>\n\n\n\n<p>Estudios con fines estad\u00edsticos, demogr\u00e1ficos y de investigaci\u00f3n.<br>Conocer necesidades del grupo de paciente al que pertenece (personas afectadas por el nacimiento prematuro)<br>Desarrollo de nuevos productos y servicios enfocados a mejorar la salud materna.<br>Seguimiento a los beb\u00e9s prematuros<br>Conformaci\u00f3n de expedientes para integrar un adecuado grupo de pacientes<br>Creaci\u00f3n de directorios<\/p>\n\n\n\n<p>Conservaci\u00f3n de registros para seguimiento a servicios, prestaci\u00f3n de servicios en el futuro y en general para dar seguimiento a cualquier relaci\u00f3n contractual.<\/p>\n\n\n\n<p>Datos personales e historial cl\u00ednico de sus pacientes<br>Estudios b\u00e1sicos de infertilidad necesarios para el diagn\u00f3sticos<br>Datos acerca de estimulaci\u00f3n ov\u00e1rica controlada medicaci\u00f3n y muestras s\u00e9ricas (Estradioles, ultrasonidos, progesteronas)<br>Tipo de T\u00e9cnica de reproducci\u00f3n asistida utilizada en un tratamiento<br>Informaci\u00f3n de laboratorio de Androlog\u00eda y Embriolog\u00eda acerca de calidad de gametos, desarrollo y calidad de embriones<br>Informaci\u00f3n acerca de vitrificaci\u00f3n y mantenimiento de \u00f3vulos y embriones<br>Vitrificaci\u00f3n y mantenimiento de muestras seminales<br>Manejo de banco de semen y \u00f3vulos<br>Circunstancias de su embarazo<br>Informaci\u00f3n acerca de tipo de nacimiento y datos del neonato<br>Seguimiento a los beb\u00e9s prematuros<\/p>\n\n\n\n<p>Asimismo, utilizaremos su informaci\u00f3n personal para hacerle llegar informaci\u00f3n relacionada con promociones, avisos y noticias relativas a nuestra actividad comercial, invitaciones a servicios adicionales, elaboraci\u00f3n de estrategias de medios y puntos de venta, env\u00edo de material promocional e informativo, sea de marketing o telemarketing o de cualquier otra naturaleza an\u00e1loga, con el fin de mejorar el servicio.<\/p>\n\n\n\n<p><strong>Fertility Day<\/strong> Podr\u00e1 recabar sus datos personales de distintas formas, esto es, cuando usted nos los proporcione directamente, a trav\u00e9s de la p\u00e1gina web, redes sociales, correo electr\u00f3nico, eventos, en las instalaciones de <strong>Fertility Day<em>,<\/em><\/strong> o bien, cuando los obtengamos a trav\u00e9s de otras fuentes que est\u00e9n permitidas por la Ley.<\/p>\n\n\n\n<p>Usted puede dejar de recibir mensajes informativos o promocionales v\u00eda correo electr\u00f3nico por parte de<strong> Fertility Day<\/strong>, siempre y cuando as\u00ed nos los haga saber conforme a los mecanismos necesarios para la cancelaci\u00f3n de estos env\u00edos, seg\u00fan se establece en este Aviso de Privacidad.<\/p>\n\n\n\n<p><strong>Fertility Day<\/strong>, podr\u00e1 hacer uso de sus datos personales para otras finalidades, siempre y cuando dichas finalidades sean compatibles y puedan considerarse an\u00e1logas a las anteriores.<\/p>\n\n\n\n<p>Sus datos personales ser\u00e1n tratados \u00fanicamente por el tiempo necesario a fin de cumplir con las finalidades descritas y\/o de conformidad con lo que establezcan las disposiciones legales aplicables.<\/p>\n\n\n\n<p><strong>SEGURIDAD DE LOS DATOS PERSONALES<\/strong><\/p>\n\n\n\n<p><strong>Fertility Day<\/strong>, implementar\u00e1 las medidas de seguridad, t\u00e9cnicas, administrativas y f\u00edsicas, necesarias para proteger sus datos personales y evitar su da\u00f1o, p\u00e9rdida, alteraci\u00f3n, destrucci\u00f3n o el uso, acceso o tratamiento no autorizado.<\/p>\n\n\n\n<p>\u00danicamente el personal autorizado, que ha cumplido y observado los correspondientes requisitos de confidencialidad, podr\u00e1 participar en el tratamiento de sus datos personales. El personal autorizado tiene prohibido permitir el acceso de personas no autorizadas y utilizar sus datos personales para fines distintos a los establecidos en el presente Aviso de Privacidad. La obligaci\u00f3n de confidencialidad de las personas que participan en el tratamiento de sus datos personales subsiste aun despu\u00e9s de terminada la relaci\u00f3n con <strong>Fertility Day<\/strong>,<\/p>\n\n\n\n<p><strong>COMUNICACIONES Y TRANSFERENCIAS DE DATOS PERSONALES<\/strong><\/p>\n\n\n\n<p>Como parte de las operaciones propias de la Asociaci\u00f3n y a fin de cumplir con las finalidades descritas; <strong>Fertility Day<\/strong>, podr\u00e1 compartir con terceros, nacionales o extranjeros, algunos o todos sus datos personales. Dichos terceros podr\u00e1n ser organizaciones afiliadas o subsidiarias de <strong>Fertility Day<\/strong>,; asesores profesionales externos y\/u otros prestadores de servicios que act\u00faen como encargados a nombre y por cuenta de <strong>Fertility Day<\/strong>,.<\/p>\n\n\n\n<p><strong>Fertility Day<\/strong>, se asegurar\u00e1 a trav\u00e9s de la firma de convenios y\/o la adopci\u00f3n de otros documentos vinculantes, que dichos terceros mantengan medidas de seguridad, administrativas, t\u00e9cnicas y f\u00edsicas adecuadas para resguardar sus datos personales, as\u00ed como que dichos terceros \u00fanicamente utilicen sus datos personales para las finalidades para las cuales fueron contratados y de conformidad con el presente Aviso de Privacidad.<\/p>\n\n\n\n<p><strong>Fertility Day<\/strong>, no ceder\u00e1, vender\u00e1 o transferir\u00e1 sus datos personales, a terceros no relacionados con <strong>Fertility Day<\/strong>, sin su consentimiento previo. Sin embargo, <strong>Fertility Day<\/strong>, podr\u00e1 transferir sus datos personales en los casos previstos en la Ley Federal de Protecci\u00f3n de Datos Personales en Posesi\u00f3n de los Particulares.<\/p>\n\n\n\n<p>Derechos que le corresponden<\/p>\n\n\n\n<p>Usted como titular de datos personales podr\u00e1 ejercitar ante el Comit\u00e9 de Protecci\u00f3n de Datos de <strong>Fertility Day<\/strong>, los derechos de acceso, rectificaci\u00f3n, cancelaci\u00f3n y oposici\u00f3n (Derechos ARCO) respecto al tratamiento de sus datos personales. Asimismo, podr\u00e1 revocar, en todo momento, el consentimiento que haya otorgado y que fuere necesario para el tratamiento de sus datos personales. A manera de referencia, a continuaci\u00f3n se describen los derechos de acceso, rectificaci\u00f3n, cancelaci\u00f3n y oposici\u00f3n:<\/p>\n\n\n\n<p>A trav\u00e9s de su derecho de acceso usted podr\u00e1 solicitar se le informe qu\u00e9 tipo de datos personales est\u00e1n siendo tratados por <strong>Fertility Day<\/strong>,, el origen de dichos datos y las comunicaciones que se hayan realizado con los mismos.<\/p>\n\n\n\n<p>Por virtud del derecho de rectificaci\u00f3n usted puede solicitar se corrija o complete los datos personales que sean incorrectos o est\u00e9n incompletos y que obren en manos de <strong>Fertility Day<\/strong>, hacerse un cambio o correcci\u00f3n en sus datos personales y este hecho solo sea de su conocimiento.<\/p>\n\n\n\n<p>Cuando sus datos personales hayan dejado de ser necesarios para los fines para los cuales se recabaron, usted podr\u00e1 solicitar que los mismos sean cancelados si es que a\u00fan se conservaran en las bases de datos de <strong>Fertility Day<\/strong>, El proceso de cancelaci\u00f3n ir\u00e1 precedido de un periodo de bloqueo mediante el cual \u00fanicamente se almacenaran sus datos por un tiempo, equivalente al plazo de prescripci\u00f3n de las acciones que dieron origen al tratamiento de sus datos personales o el periodo que por ley se establezca. Existen casos en que los datos personales no pueden ser cancelados por disposici\u00f3n de ley.<\/p>\n\n\n\n<p>Podr\u00e1 oponerse al tratamiento de sus datos personales, cuando exista una causa leg\u00edtima para ello, incluso habiendo expresado anteriormente su consentimiento para dicho tratamiento.<\/p>\n\n\n\n<p>Procedimiento para el ejercicio de los derechos ARCO<\/p>\n\n\n\n<p>Para conocer los procedimientos, requisitos y plazos para el ejercicio de los derechos ARCO, as\u00ed como para cualquier pregunta o comentario respecto del presente Aviso de Privacidad, es necesario que dirija la solicitud en los t\u00e9rminos que marca la Ley antes mencionada en su Art\u00edculo 29 al Departamento de Protecci\u00f3n de Datos Personales de&nbsp;<strong>Fertility Day<\/strong>,&nbsp;ubicado en <strong><em>Av patriotismo 67 col San Juan Benito Ju\u00e1rez<\/em><\/strong>. o v\u00eda correo electr\u00f3nico <strong><em>Profertilidad@gmail.com <\/em><\/strong>el cual solicitamos confirme v\u00eda telef\u00f3nica al n\u00famero<strong><em> 55 7944 8960 <\/em><\/strong>para garantizar su correcta recepci\u00f3n.<\/p>\n\n\n\n<p>Cambios al Aviso de Privacidad<\/p>\n\n\n\n<p><strong>Fertility Day<\/strong>, se reserva el derecho de enmendar o modificar el presente Aviso de Privacidad como estime conveniente, por ejemplo, para cumplir con cambios a la legislaci\u00f3n sobre protecci\u00f3n de datos. <strong>Fertility Day<\/strong>, le informar\u00e1 y pondr\u00e1 a su disposici\u00f3n el Aviso de Privacidad actualizado cuando se le hagan cambios significativos al mismo, as\u00ed como cuando se requiera recabar su consentimiento. La versi\u00f3n actualizada del Aviso de Privacidad estar\u00e1 disponible en el sitio web <strong><em>https:\/\/www.fertility-day.com<\/em><\/strong><\/p>\n","protected":false},"excerpt":{"rendered":"<p>El presente documento constituye el Aviso de Privacidad para efectos de lo dispuesto en la Ley Federal de Protecci\u00f3n de Datos Personales en Posesi\u00f3n de los Particulares (la \u201cLFPDP\u201d) y las disposiciones que emanan de ella o se relacionan con la misma. Este Aviso de Privacidad aplica a la informaci\u00f3n personal proporcionada por usted a &hellip;<\/p>\n<p class=\"read-more\"> <a class=\"\" href=\"https:\/\/www.fertility-day.com\/index.php\/aviso-de-privacidad\/\"> <span class=\"screen-reader-text\">Aviso de Privacidad<\/span> Leer m\u00e1s &raquo;<\/a><\/p>\n","protected":false},"author":1,"featured_media":0,"parent":0,"menu_order":0,"comment_status":"closed","ping_status":"closed","template":"","meta":{"site-sidebar-layout":"default","site-content-layout":"default","ast-global-header-display":"","ast-main-header-display":"","ast-hfb-above-header-display":"","ast-hfb-below-header-display":"","ast-hfb-mobile-header-display":"","site-post-title":"","ast-breadcrumbs-content":"","ast-featured-img":"","footer-sml-layout":"","theme-transparent-header-meta":"default","adv-header-id-meta":"","stick-header-meta":"","header-above-stick-meta":"","header-main-stick-meta":"","header-below-stick-meta":"","_joinchat":[],"footnotes":""},"class_list":["post-992","page","type-page","status-publish","hentry"],"_links":{"self":[{"href":"https:\/\/www.fertility-day.com\/index.php\/wp-json\/wp\/v2\/pages\/992","targetHints":{"allow":["GET"]}}],"collection":[{"href":"https:\/\/www.fertility-day.com\/index.php\/wp-json\/wp\/v2\/pages"}],"about":[{"href":"https:\/\/www.fertility-day.com\/index.php\/wp-json\/wp\/v2\/types\/page"}],"author":[{"embeddable":true,"href":"https:\/\/www.fertility-day.com\/index.php\/wp-json\/wp\/v2\/users\/1"}],"replies":[{"embeddable":true,"href":"https:\/\/www.fertility-day.com\/index.php\/wp-json\/wp\/v2\/comments?post=992"}],"version-history":[{"count":0,"href":"https:\/\/www.fertility-day.com\/index.php\/wp-json\/wp\/v2\/pages\/992\/revisions"}],"wp:attachment":[{"href":"https:\/\/www.fertility-day.com\/index.php\/wp-json\/wp\/v2\/media?parent=992"}],"curies":[{"name":"wp","href":"https:\/\/api.w.org\/{rel}","templated":true}]}}